{"id":11530,"date":"2023-11-20T10:29:16","date_gmt":"2023-11-20T10:29:16","guid":{"rendered":"https:\/\/unicmall.com\/carrito-3\/"},"modified":"2023-11-20T10:29:31","modified_gmt":"2023-11-20T10:29:31","slug":"carrito-3","status":"publish","type":"page","link":"https:\/\/unicmall.com\/ca\/carrito-3\/","title":{"rendered":"Carrito"},"content":{"rendered":"<div data-block-name=\"woocommerce\/cart\" class=\"wp-block-woocommerce-cart alignwide is-loading\"><div data-block-name=\"woocommerce\/filled-cart-block\" class=\"wp-block-woocommerce-filled-cart-block\"><div data-block-name=\"woocommerce\/cart-items-block\" class=\"wp-block-woocommerce-cart-items-block\"><div data-block-name=\"woocommerce\/cart-line-items-block\" class=\"wp-block-woocommerce-cart-line-items-block\"><\/div>\n\n<div data-block-name=\"woocommerce\/cart-cross-sells-block\" class=\"wp-block-woocommerce-cart-cross-sells-block\"><h2 class=\"wp-block-heading has-large-font-size\">Puede que te interese\u2026<\/h2>\n\n<div data-block-name=\"woocommerce\/cart-cross-sells-products-block\" class=\"wp-block-woocommerce-cart-cross-sells-products-block\"><\/div><\/div><\/div>\n\n<div data-block-name=\"woocommerce\/cart-totals-block\" class=\"wp-block-woocommerce-cart-totals-block\"><div data-block-name=\"woocommerce\/cart-order-summary-block\" class=\"wp-block-woocommerce-cart-order-summary-block\"><div data-block-name=\"woocommerce\/cart-order-summary-heading-block\" class=\"wp-block-woocommerce-cart-order-summary-heading-block\"><\/div><div data-block-name=\"woocommerce\/cart-order-summary-coupon-form-block\" class=\"wp-block-woocommerce-cart-order-summary-coupon-form-block\"><\/div><div data-block-name=\"woocommerce\/cart-order-summary-totals-block\" class=\"wp-block-woocommerce-cart-order-summary-totals-block\">\n<div data-block-name=\"woocommerce\/cart-order-summary-subtotal-block\" class=\"wp-block-woocommerce-cart-order-summary-subtotal-block\"><\/div>\n<div data-block-name=\"woocommerce\/cart-order-summary-discount-block\" class=\"wp-block-woocommerce-cart-order-summary-discount-block\"><\/div>\n<div data-block-name=\"woocommerce\/cart-order-summary-fee-block\" class=\"wp-block-woocommerce-cart-order-summary-fee-block\"><\/div>\n<div data-block-name=\"woocommerce\/cart-order-summary-shipping-block\" class=\"wp-block-woocommerce-cart-order-summary-shipping-block\"><\/div>\n<div data-block-name=\"woocommerce\/cart-order-summary-taxes-block\" class=\"wp-block-woocommerce-cart-order-summary-taxes-block\"><\/div><\/div><\/div>\n\n<div data-block-name=\"woocommerce\/cart-express-payment-block\" class=\"wp-block-woocommerce-cart-express-payment-block\"><\/div>\n\n<div data-block-name=\"woocommerce\/proceed-to-checkout-block\" class=\"wp-block-woocommerce-proceed-to-checkout-block\"><\/div>\n\n<div data-block-name=\"woocommerce\/cart-accepted-payment-methods-block\" class=\"wp-block-woocommerce-cart-accepted-payment-methods-block\"><\/div><\/div><\/div>\n\n<div data-block-name=\"woocommerce\/empty-cart-block\" class=\"wp-block-woocommerce-empty-cart-block\"><h2 class=\"wp-block-heading has-text-align-center with-empty-cart-icon wc-block-cart__empty-cart__title\">\u00a1Tu carrito actualmente est\u00e1 vac\u00edo!<\/h2>\n\n<hr class=\"wp-block-separator has-alpha-channel-opacity is-style-dots\"\/>\n\n<h2 class=\"wp-block-heading has-text-align-center\">Nuevo en la tienda<\/h2>\n\n<div data-block-name=\"woocommerce\/product-new\" data-columns=\"4\" data-rows=\"1\" class=\"wc-block-grid wp-block-product-new wp-block-woocommerce-product-new wc-block-product-new has-4-columns\"><ul class=\"wc-block-grid__products\"><li class=\"wc-block-grid__product\">\n\t\t\t\t<a href=\"https:\/\/unicmall.com\/ca\/producte\/diathonite-thermoactive-037\/\" class=\"wc-block-grid__product-link\">\n\t\t\t\t\t\n\t\t\t\t\t<div class=\"wc-block-grid__product-image\"><img loading=\"lazy\" decoding=\"async\" width=\"430\" height=\"430\" src=\"https:\/\/unicmall.com\/wp-content\/uploads\/2022\/07\/11_Diathonite-430x430.jpg\" class=\"attachment-woocommerce_thumbnail size-woocommerce_thumbnail\" alt=\"Diathonite Thermactive 037\" srcset=\"https:\/\/unicmall.com\/wp-content\/uploads\/2022\/07\/11_Diathonite-430x430.jpg 430w, https:\/\/unicmall.com\/wp-content\/uploads\/2022\/07\/11_Diathonite-100x100.jpg 100w, https:\/\/unicmall.com\/wp-content\/uploads\/2022\/07\/11_Diathonite-700x700.jpg 700w, https:\/\/unicmall.com\/wp-content\/uploads\/2022\/07\/11_Diathonite-300x300.jpg 300w, https:\/\/unicmall.com\/wp-content\/uploads\/2022\/07\/11_Diathonite-800x800.jpg 800w, https:\/\/unicmall.com\/wp-content\/uploads\/2022\/07\/11_Diathonite-150x150.jpg 150w, https:\/\/unicmall.com\/wp-content\/uploads\/2022\/07\/11_Diathonite-768x768.jpg 768w, https:\/\/unicmall.com\/wp-content\/uploads\/2022\/07\/11_Diathonite-860x860.jpg 860w, https:\/\/unicmall.com\/wp-content\/uploads\/2022\/07\/11_Diathonite-1320x1320.jpg 1320w, https:\/\/unicmall.com\/wp-content\/uploads\/2022\/07\/11_Diathonite.jpg 1500w\" sizes=\"auto, (max-width: 430px) 100vw, 430px\" \/><\/div>\n\t\t\t\t\t<div class=\"wc-block-grid__product-title\">Diathonite Thermoactive.037<\/div>\n\t\t\t\t<\/a>\n\t\t\t\t<div class=\"wc-block-grid__product-price price\"><\/div>\n\t\t\t\t\n\t\t\t\t<div class=\"wp-block-button wc-block-grid__product-add-to-cart\"><a href=\"https:\/\/unicmall.com\/ca\/producte\/diathonite-thermoactive-037\/\" aria-label=\"M\u00e9s informaci\u00f3 sobre &ldquo;Diathonite Thermoactive.037&rdquo;\" data-quantity=\"1\" data-product_id=\"11018\" data-product_sku=\"\" data-price=\"0\" rel=\"nofollow\" class=\"wp-block-button__link  add_to_cart_button\">Llegeix m\u00e9s<\/a><\/div>\n\t\t\t<\/li><li class=\"wc-block-grid__product\">\n\t\t\t\t<a href=\"https:\/\/unicmall.com\/ca\/producte\/calcfons\/\" class=\"wc-block-grid__product-link\">\n\t\t\t\t\t\n\t\t\t\t\t<div class=\"wc-block-grid__product-image\"><img loading=\"lazy\" decoding=\"async\" width=\"430\" height=\"430\" src=\"https:\/\/unicmall.com\/wp-content\/uploads\/2022\/07\/01_calcfons-430x430.jpg\" class=\"attachment-woocommerce_thumbnail size-woocommerce_thumbnail\" alt=\"Cal\u00e7fons\" srcset=\"https:\/\/unicmall.com\/wp-content\/uploads\/2022\/07\/01_calcfons-430x430.jpg 430w, https:\/\/unicmall.com\/wp-content\/uploads\/2022\/07\/01_calcfons-100x100.jpg 100w, https:\/\/unicmall.com\/wp-content\/uploads\/2022\/07\/01_calcfons-700x700.jpg 700w, https:\/\/unicmall.com\/wp-content\/uploads\/2022\/07\/01_calcfons-300x300.jpg 300w, https:\/\/unicmall.com\/wp-content\/uploads\/2022\/07\/01_calcfons-800x800.jpg 800w, https:\/\/unicmall.com\/wp-content\/uploads\/2022\/07\/01_calcfons-150x150.jpg 150w, https:\/\/unicmall.com\/wp-content\/uploads\/2022\/07\/01_calcfons-768x768.jpg 768w, https:\/\/unicmall.com\/wp-content\/uploads\/2022\/07\/01_calcfons-860x860.jpg 860w, https:\/\/unicmall.com\/wp-content\/uploads\/2022\/07\/01_calcfons-1320x1320.jpg 1320w, https:\/\/unicmall.com\/wp-content\/uploads\/2022\/07\/01_calcfons.jpg 1500w\" sizes=\"auto, (max-width: 430px) 100vw, 430px\" \/><\/div>\n\t\t\t\t\t<div class=\"wc-block-grid__product-title\">Cal\u00e7fons<\/div>\n\t\t\t\t<\/a>\n\t\t\t\t<div class=\"wc-block-grid__product-price price\"><\/div>\n\t\t\t\t\n\t\t\t\t<div class=\"wp-block-button wc-block-grid__product-add-to-cart\"><a href=\"https:\/\/unicmall.com\/ca\/producte\/calcfons\/\" aria-label=\"M\u00e9s informaci\u00f3 sobre &ldquo;Cal\u00e7fons&rdquo;\" data-quantity=\"1\" data-product_id=\"11019\" data-product_sku=\"\" data-price=\"0\" rel=\"nofollow\" class=\"wp-block-button__link  add_to_cart_button\">Llegeix m\u00e9s<\/a><\/div>\n\t\t\t<\/li><li class=\"wc-block-grid__product\">\n\t\t\t\t<a href=\"https:\/\/unicmall.com\/ca\/producte\/silpint\/\" class=\"wc-block-grid__product-link\">\n\t\t\t\t\t\n\t\t\t\t\t<div class=\"wc-block-grid__product-image\"><img loading=\"lazy\" decoding=\"async\" width=\"430\" height=\"430\" src=\"https:\/\/unicmall.com\/wp-content\/uploads\/2022\/07\/04_silpint-430x430.jpg\" class=\"attachment-woocommerce_thumbnail size-woocommerce_thumbnail\" alt=\"Silpint\" srcset=\"https:\/\/unicmall.com\/wp-content\/uploads\/2022\/07\/04_silpint-430x430.jpg 430w, https:\/\/unicmall.com\/wp-content\/uploads\/2022\/07\/04_silpint-100x100.jpg 100w, https:\/\/unicmall.com\/wp-content\/uploads\/2022\/07\/04_silpint-700x700.jpg 700w, https:\/\/unicmall.com\/wp-content\/uploads\/2022\/07\/04_silpint-300x300.jpg 300w, https:\/\/unicmall.com\/wp-content\/uploads\/2022\/07\/04_silpint-800x800.jpg 800w, https:\/\/unicmall.com\/wp-content\/uploads\/2022\/07\/04_silpint-150x150.jpg 150w, https:\/\/unicmall.com\/wp-content\/uploads\/2022\/07\/04_silpint-768x768.jpg 768w, https:\/\/unicmall.com\/wp-content\/uploads\/2022\/07\/04_silpint-860x860.jpg 860w, https:\/\/unicmall.com\/wp-content\/uploads\/2022\/07\/04_silpint-1320x1320.jpg 1320w, https:\/\/unicmall.com\/wp-content\/uploads\/2022\/07\/04_silpint.jpg 1500w\" sizes=\"auto, (max-width: 430px) 100vw, 430px\" \/><\/div>\n\t\t\t\t\t<div class=\"wc-block-grid__product-title\">Silpint<\/div>\n\t\t\t\t<\/a>\n\t\t\t\t<div class=\"wc-block-grid__product-price price\"><span class=\"woocommerce-Price-amount amount\">51,00&nbsp;<span class=\"woocommerce-Price-currencySymbol\">&euro;<\/span><\/span> &ndash; <span class=\"woocommerce-Price-amount amount\">184,50&nbsp;<span class=\"woocommerce-Price-currencySymbol\">&euro;<\/span><\/span><\/div>\n\t\t\t\t\n\t\t\t\t<div class=\"wp-block-button wc-block-grid__product-add-to-cart\"><a href=\"https:\/\/unicmall.com\/ca\/producte\/silpint\/\" aria-label=\"Selecciona opcions per a &ldquo;Silpint&rdquo;\" data-quantity=\"1\" data-product_id=\"11020\" data-product_sku=\"\" data-price=\"51\" rel=\"nofollow\" class=\"wp-block-button__link  add_to_cart_button\">Tria una opci\u00f3<\/a><\/div>\n\t\t\t<\/li><li class=\"wc-block-grid__product\">\n\t\t\t\t<a href=\"https:\/\/unicmall.com\/ca\/producte\/calcpint\/\" class=\"wc-block-grid__product-link\">\n\t\t\t\t\t\n\t\t\t\t\t<div class=\"wc-block-grid__product-image\"><img loading=\"lazy\" decoding=\"async\" width=\"430\" height=\"430\" src=\"https:\/\/unicmall.com\/wp-content\/uploads\/2022\/07\/05_calcpint-430x430.jpg\" class=\"attachment-woocommerce_thumbnail size-woocommerce_thumbnail\" alt=\"Cal\u00e7pint\" srcset=\"https:\/\/unicmall.com\/wp-content\/uploads\/2022\/07\/05_calcpint-430x430.jpg 430w, https:\/\/unicmall.com\/wp-content\/uploads\/2022\/07\/05_calcpint-100x100.jpg 100w, https:\/\/unicmall.com\/wp-content\/uploads\/2022\/07\/05_calcpint-700x700.jpg 700w, https:\/\/unicmall.com\/wp-content\/uploads\/2022\/07\/05_calcpint-300x300.jpg 300w, https:\/\/unicmall.com\/wp-content\/uploads\/2022\/07\/05_calcpint-800x800.jpg 800w, https:\/\/unicmall.com\/wp-content\/uploads\/2022\/07\/05_calcpint-150x150.jpg 150w, https:\/\/unicmall.com\/wp-content\/uploads\/2022\/07\/05_calcpint-768x768.jpg 768w, https:\/\/unicmall.com\/wp-content\/uploads\/2022\/07\/05_calcpint-860x860.jpg 860w, https:\/\/unicmall.com\/wp-content\/uploads\/2022\/07\/05_calcpint-1320x1320.jpg 1320w, https:\/\/unicmall.com\/wp-content\/uploads\/2022\/07\/05_calcpint.jpg 1500w\" sizes=\"auto, (max-width: 430px) 100vw, 430px\" \/><\/div>\n\t\t\t\t\t<div class=\"wc-block-grid__product-title\">Cal\u00e7pint<\/div>\n\t\t\t\t<\/a>\n\t\t\t\t<div class=\"wc-block-grid__product-price price\"><span class=\"woocommerce-Price-amount amount\">37,50&nbsp;<span class=\"woocommerce-Price-currencySymbol\">&euro;<\/span><\/span> &ndash; <span class=\"woocommerce-Price-amount amount\">96,00&nbsp;<span class=\"woocommerce-Price-currencySymbol\">&euro;<\/span><\/span><\/div>\n\t\t\t\t\n\t\t\t\t<div class=\"wp-block-button wc-block-grid__product-add-to-cart\"><a href=\"https:\/\/unicmall.com\/ca\/producte\/calcpint\/\" aria-label=\"Selecciona opcions per a &ldquo;Cal\u00e7pint&rdquo;\" data-quantity=\"1\" data-product_id=\"11071\" data-product_sku=\"\" data-price=\"37.5\" rel=\"nofollow\" class=\"wp-block-button__link  add_to_cart_button\">Tria una opci\u00f3<\/a><\/div>\n\t\t\t<\/li><\/ul><\/div><\/div><\/div>","protected":false},"excerpt":{"rendered":"Puede que te interese\u2026 \u00a1Tu carrito actualmente est\u00e1 vac\u00edo! Nuevo en la tienda","protected":false},"author":4,"featured_media":0,"parent":0,"menu_order":0,"comment_status":"closed","ping_status":"closed","template":"","meta":{"footnotes":""},"class_list":["post-11530","page","type-page","status-publish","hentry"],"yoast_head":"<!-- This site is optimized with the Yoast SEO plugin v24.4 - https:\/\/yoast.com\/wordpress\/plugins\/seo\/ -->\n<title>Carrito - Unicmall<\/title>\n<meta name=\"robots\" content=\"index, follow, max-snippet:-1, max-image-preview:large, max-video-preview:-1\" \/>\n<link rel=\"canonical\" href=\"https:\/\/unicmall.com\/ca\/carrito-3\/\" \/>\n<meta property=\"og:locale\" content=\"ca_ES\" \/>\n<meta property=\"og:type\" content=\"article\" \/>\n<meta property=\"og:title\" content=\"Carrito - Unicmall\" \/>\n<meta property=\"og:url\" content=\"https:\/\/unicmall.com\/ca\/carrito-3\/\" \/>\n<meta property=\"og:site_name\" content=\"Unicmall\" \/>\n<meta property=\"article:modified_time\" content=\"2023-11-20T10:29:31+00:00\" \/>\n<meta name=\"twitter:card\" content=\"summary_large_image\" \/>\n<script type=\"application\/ld+json\" class=\"yoast-schema-graph\">{\"@context\":\"https:\/\/schema.org\",\"@graph\":[{\"@type\":\"WebPage\",\"@id\":\"https:\/\/unicmall.com\/ca\/carrito-3\/\",\"url\":\"https:\/\/unicmall.com\/ca\/carrito-3\/\",\"name\":\"Carrito - Unicmall\",\"isPartOf\":{\"@id\":\"https:\/\/unicmall.com\/#website\"},\"datePublished\":\"2023-11-20T10:29:16+00:00\",\"dateModified\":\"2023-11-20T10:29:31+00:00\",\"breadcrumb\":{\"@id\":\"https:\/\/unicmall.com\/ca\/carrito-3\/#breadcrumb\"},\"inLanguage\":\"ca\",\"potentialAction\":[{\"@type\":\"ReadAction\",\"target\":[\"https:\/\/unicmall.com\/ca\/carrito-3\/\"]}]},{\"@type\":\"BreadcrumbList\",\"@id\":\"https:\/\/unicmall.com\/ca\/carrito-3\/#breadcrumb\",\"itemListElement\":[{\"@type\":\"ListItem\",\"position\":1,\"name\":\"Portada\",\"item\":\"https:\/\/unicmall.com\/ca\/\"},{\"@type\":\"ListItem\",\"position\":2,\"name\":\"Carrito\"}]},{\"@type\":\"WebSite\",\"@id\":\"https:\/\/unicmall.com\/#website\",\"url\":\"https:\/\/unicmall.com\/\",\"name\":\"Unicmall\",\"description\":\"Pintura de cal Mallorca\",\"publisher\":{\"@id\":\"https:\/\/unicmall.com\/#organization\"},\"potentialAction\":[{\"@type\":\"SearchAction\",\"target\":{\"@type\":\"EntryPoint\",\"urlTemplate\":\"https:\/\/unicmall.com\/?s={search_term_string}\"},\"query-input\":{\"@type\":\"PropertyValueSpecification\",\"valueRequired\":true,\"valueName\":\"search_term_string\"}}],\"inLanguage\":\"ca\"},{\"@type\":\"Organization\",\"@id\":\"https:\/\/unicmall.com\/#organization\",\"name\":\"Unicmall\",\"url\":\"https:\/\/unicmall.com\/\",\"logo\":{\"@type\":\"ImageObject\",\"inLanguage\":\"ca\",\"@id\":\"https:\/\/unicmall.com\/#\/schema\/logo\/image\/\",\"url\":\"https:\/\/beta.unicmall.com\/wp-content\/uploads\/2023\/02\/logo-unicmall.svg\",\"contentUrl\":\"https:\/\/beta.unicmall.com\/wp-content\/uploads\/2023\/02\/logo-unicmall.svg\",\"width\":400,\"height\":77,\"caption\":\"Unicmall\"},\"image\":{\"@id\":\"https:\/\/unicmall.com\/#\/schema\/logo\/image\/\"},\"sameAs\":[\"https:\/\/www.instagram.com\/unicmall\/\"]}]}<\/script>\n<!-- \/ Yoast SEO plugin. -->","yoast_head_json":{"title":"Carrito - Unicmall","robots":{"index":"index","follow":"follow","max-snippet":"max-snippet:-1","max-image-preview":"max-image-preview:large","max-video-preview":"max-video-preview:-1"},"canonical":"https:\/\/unicmall.com\/ca\/carrito-3\/","og_locale":"ca_ES","og_type":"article","og_title":"Carrito - Unicmall","og_url":"https:\/\/unicmall.com\/ca\/carrito-3\/","og_site_name":"Unicmall","article_modified_time":"2023-11-20T10:29:31+00:00","twitter_card":"summary_large_image","schema":{"@context":"https:\/\/schema.org","@graph":[{"@type":"WebPage","@id":"https:\/\/unicmall.com\/ca\/carrito-3\/","url":"https:\/\/unicmall.com\/ca\/carrito-3\/","name":"Carrito - Unicmall","isPartOf":{"@id":"https:\/\/unicmall.com\/#website"},"datePublished":"2023-11-20T10:29:16+00:00","dateModified":"2023-11-20T10:29:31+00:00","breadcrumb":{"@id":"https:\/\/unicmall.com\/ca\/carrito-3\/#breadcrumb"},"inLanguage":"ca","potentialAction":[{"@type":"ReadAction","target":["https:\/\/unicmall.com\/ca\/carrito-3\/"]}]},{"@type":"BreadcrumbList","@id":"https:\/\/unicmall.com\/ca\/carrito-3\/#breadcrumb","itemListElement":[{"@type":"ListItem","position":1,"name":"Portada","item":"https:\/\/unicmall.com\/ca\/"},{"@type":"ListItem","position":2,"name":"Carrito"}]},{"@type":"WebSite","@id":"https:\/\/unicmall.com\/#website","url":"https:\/\/unicmall.com\/","name":"Unicmall","description":"Pintura de cal Mallorca","publisher":{"@id":"https:\/\/unicmall.com\/#organization"},"potentialAction":[{"@type":"SearchAction","target":{"@type":"EntryPoint","urlTemplate":"https:\/\/unicmall.com\/?s={search_term_string}"},"query-input":{"@type":"PropertyValueSpecification","valueRequired":true,"valueName":"search_term_string"}}],"inLanguage":"ca"},{"@type":"Organization","@id":"https:\/\/unicmall.com\/#organization","name":"Unicmall","url":"https:\/\/unicmall.com\/","logo":{"@type":"ImageObject","inLanguage":"ca","@id":"https:\/\/unicmall.com\/#\/schema\/logo\/image\/","url":"https:\/\/beta.unicmall.com\/wp-content\/uploads\/2023\/02\/logo-unicmall.svg","contentUrl":"https:\/\/beta.unicmall.com\/wp-content\/uploads\/2023\/02\/logo-unicmall.svg","width":400,"height":77,"caption":"Unicmall"},"image":{"@id":"https:\/\/unicmall.com\/#\/schema\/logo\/image\/"},"sameAs":["https:\/\/www.instagram.com\/unicmall\/"]}]}},"_links":{"self":[{"href":"https:\/\/unicmall.com\/ca\/wp-json\/wp\/v2\/pages\/11530","targetHints":{"allow":["GET"]}}],"collection":[{"href":"https:\/\/unicmall.com\/ca\/wp-json\/wp\/v2\/pages"}],"about":[{"href":"https:\/\/unicmall.com\/ca\/wp-json\/wp\/v2\/types\/page"}],"author":[{"embeddable":true,"href":"https:\/\/unicmall.com\/ca\/wp-json\/wp\/v2\/users\/4"}],"replies":[{"embeddable":true,"href":"https:\/\/unicmall.com\/ca\/wp-json\/wp\/v2\/comments?post=11530"}],"version-history":[{"count":0,"href":"https:\/\/unicmall.com\/ca\/wp-json\/wp\/v2\/pages\/11530\/revisions"}],"wp:attachment":[{"href":"https:\/\/unicmall.com\/ca\/wp-json\/wp\/v2\/media?parent=11530"}],"curies":[{"name":"wp","href":"https:\/\/api.w.org\/{rel}","templated":true}]}}