{"id":10998,"date":"2023-03-20T10:08:26","date_gmt":"2023-03-20T10:08:26","guid":{"rendered":"https:\/\/beta.unicmall.com\/politica-de-privacidad\/"},"modified":"2023-06-28T10:41:48","modified_gmt":"2023-06-28T10:41:48","slug":"politica-de-privadesa","status":"publish","type":"page","link":"https:\/\/unicmall.com\/ca\/politica-de-privadesa\/","title":{"rendered":"Pol\u00edtica de privadesa"},"content":{"rendered":"<div class=\"wpb-content-wrapper\"><p>[vc_row][vc_column][vc_column_text woodmart_inline=&#8221;no&#8221; text_larger=&#8221;no&#8221;]<b>I. Qui \u00e9s el responsable de recollir, tractar i cedir les vostres dades personals?<\/b><\/p>\n<p><b>UNICMALL SL<\/b><\/p>\n<p>NIF: B07076706<\/p>\n<p><i>Dir. postal<\/i>:Camino Puigverd s\/n, 07200 Felanitx. Illes Balears. Espa\u00f1a<\/p>\n<p><i>Tel\u00e8fon<\/i>: (+34) 971.58.06.34<\/p>\n<p>Correu electr\u00f2nic de contacte per a protecci\u00f3 de dades: <span id=\"cloak74a381d739eae81aba11328b6f02bd92\"><a href=\"mailto:info@unicmall.com\">info@unicmall.com<\/a><\/span><\/p>\n<p>Assumpte: Protecci\u00f3 Dades<\/p>\n<p>L&#8217;usuari podr\u00e0 posar-se en contacte amb el nostre departament d&#8217;administraci\u00f3 a l&#8217;adre\u00e7a indicada per a qualsevol dubte o necessitat que tingu\u00e9s respecte de les dades personals.<\/p>\n<p><b>II. Amb quina finalitat tractem les vostres dades personals?<\/b><\/p>\n<p>La de gestionar la vostra sol\u00b7licitud d&#8217;informaci\u00f3 o pressupost a trav\u00e9s dels nostres formularis de contacte.<\/p>\n<p>Amb les vostres dades personals, en cap moment es realitzaran decisions automatitzades ni s&#8217;elaboraran perfils.<\/p>\n<p><b>III. Quina \u00e9s la legitimaci\u00f3 per al tractament de les vostres dades personals?<\/b><\/p>\n<p>La base legal per al tractament de les vostres dades, \u00e9s la remissi\u00f3 que ens n&#8217;ha fet en activar la casella d&#8217;haver llegit, acceptat i ent\u00e8s la nostra pol\u00edtica de privadesa per gestionar les vostres peticions d&#8217;informaci\u00f3 a trav\u00e9s dels formularis de contacte i\/ o pressupost.<\/p>\n<p><b>IV. Per quant de temps conservarem les vostres dades personals?<\/b><\/p>\n<p>Les dades personals que ens proporciona es conservaran mentre no se sol\u00b7licite la supressi\u00f3 per l&#8217;interessat o b\u00e9 mentre les necessitem per raons administratives, comptables o fiscals segons la norma que ens habilita.<\/p>\n<p><b>V. Qui t\u00e9 acc\u00e9s a les vostres dades personals?<\/b><\/p>\n<p>No est\u00e0 previst cedir les dades recollides a trav\u00e9s del web a tercers, excepte en els casos que aix\u00ed es requereixi d&#8217;acord amb l&#8217;obligaci\u00f3 vigent a cada moment per atendre les nostres obligacions amb l&#8217;administraci\u00f3 p\u00fablica o atendre els requeriments de les Forces i Cossos de Seguretat de lEstat i Organismes Judicials.<\/p>\n<p><b>VI. Quins s\u00f3n els seus drets com a usuaris?<\/b><\/p>\n<p>Qualsevol persona t\u00e9 dret a obtenir confirmaci\u00f3 sobre si estem tractant dades personals que els concerneixin, o no. Les persones interessades tenen dret a:<\/p>\n<ul>\n<li>con\u00e8ixer\u00a0parell qu\u00e8 s&#8217;utilitzen les seves dades i el termini de conservaci\u00f3\u00a0de les mateixes, saber si es prenen decisions automatitzades o s&#8217;elaboren perfils i les seves conseq\u00fc\u00e8ncies (veure apartat finalitat)<\/li>\n<li>presentar una reclamaci\u00f3\u00a0davant l&#8217;Ag\u00e8ncia Espanyola de Protecci\u00f3 de Dades\u00a0www.agpd.es\u00a0si entenen que estem vulnerant els seus drets.<\/li>\n<li>accedir a les seves dades personals, aix\u00ed com a sol\u00b7licitar la rectificaci\u00f3 de les dades inexactes o incomplets<\/li>\n<li>sol\u00b7licitar la seva supressi\u00f3 quan, entre altres motius, les dades ja no siguin necess\u00e0ries per als fins que van ser recollits o s&#8217;hagin oposat al tractament dels mateixos, sigui a causa de tractaments il\u00b7l\u00edcit o se&#8217;n revoqui el consentiment.<\/li>\n<li>sol\u00b7licitar la limitaci\u00f3 del tractament de les vostres dades, i en este cas \u00fanicament les conservarem per a l&#8217;exercici o la defensa de reclamacions.<\/li>\n<li>Sol\u00b7licitar la\u00a0portabilitat\u00a0de les seves dades a altres prove\u00efdors de servei, sempre que sigui t\u00e8cnicament possible.<\/li>\n<li>En determinades circumst\u00e0ncies, com quan el tractament t\u00e9 per objecte el m\u00e0rqueting directe, i per motius relacionats amb la seva situaci\u00f3 particular, a oposar-se al tractament de les seves dades, en aquests casos deixarem de tractar les dades, excepte per motius leg\u00edtims imperiosos, o l&#8217;exercici o la defensa de possibles reclamacions.<\/li>\n<\/ul>\n<p><b>VII. Baixa al servei d&#8217;enviament de comunicacions.<\/b><\/p>\n<p>Per donar-vos de baixa de l&#8217;enviament de les nostres comunicacions, nom\u00e9s cal que us poseu en contacte amb nosaltres per correu electr\u00f2nic a l&#8217;adre\u00e7a habilitada a l&#8217;apartat de \u2018responsable del tractament\u2019.<\/p>\n<p><b>VIII. \u00das de cookies<\/b><\/p>\n<p>La nostra web pot utilitzar cookies per ajudar a proporcionar una bona experi\u00e8ncia quan navega, pot obtenir m\u00e9s informaci\u00f3 sobre les nostres cookies en aquest enlla\u00e7\u00a0<u><b><a href=\"https:\/\/www.unicmall.com\/es\/politicas\/cookies\" hreflang=\"es\">Cookies<\/a><\/b><\/u>[\/vc_column_text][\/vc_column][\/vc_row]<\/p>\n<\/div>","protected":false},"excerpt":{"rendered":"<p>[vc_row][vc_column][vc_column_text woodmart_inline=&#8221;no&#8221; text_larger=&#8221;no&#8221;]I. Qui \u00e9s el responsable de recollir, tractar i cedir les vostres dades personals? UNICMALL SL NIF: B07076706<\/p>\n","protected":false},"author":1,"featured_media":0,"parent":0,"menu_order":0,"comment_status":"closed","ping_status":"closed","template":"","meta":{"footnotes":""},"class_list":["post-10998","page","type-page","status-publish","hentry"],"yoast_head":"<!-- This site is optimized with the Yoast SEO plugin v24.4 - https:\/\/yoast.com\/wordpress\/plugins\/seo\/ -->\n<title>Pol\u00edtica de privadesa - Unicmall<\/title>\n<meta name=\"description\" content=\"L&#039;usuari podr\u00e0 posar-se en contacte amb el nostre departament d&#039;administraci\u00f3 a l&#039;adre\u00e7a indicada per a qualsevol dubte o necessitat\" \/>\n<meta name=\"robots\" content=\"index, follow, max-snippet:-1, max-image-preview:large, max-video-preview:-1\" \/>\n<link rel=\"canonical\" href=\"https:\/\/unicmall.com\/ca\/politica-de-privadesa\/\" \/>\n<meta property=\"og:locale\" content=\"ca_ES\" \/>\n<meta property=\"og:type\" content=\"article\" \/>\n<meta property=\"og:title\" content=\"Pol\u00edtica de privadesa - Unicmall\" \/>\n<meta property=\"og:description\" content=\"L&#039;usuari podr\u00e0 posar-se en contacte amb el nostre departament d&#039;administraci\u00f3 a l&#039;adre\u00e7a indicada per a qualsevol dubte o necessitat\" \/>\n<meta property=\"og:url\" content=\"https:\/\/unicmall.com\/ca\/politica-de-privadesa\/\" \/>\n<meta property=\"og:site_name\" content=\"Unicmall\" \/>\n<meta property=\"article:modified_time\" content=\"2023-06-28T10:41:48+00:00\" \/>\n<meta name=\"twitter:card\" content=\"summary_large_image\" \/>\n<meta name=\"twitter:label1\" content=\"Temps estimat de lectura\" \/>\n\t<meta name=\"twitter:data1\" content=\"3 minuts\" \/>\n<script type=\"application\/ld+json\" class=\"yoast-schema-graph\">{\"@context\":\"https:\/\/schema.org\",\"@graph\":[{\"@type\":\"WebPage\",\"@id\":\"https:\/\/unicmall.com\/ca\/politica-de-privadesa\/\",\"url\":\"https:\/\/unicmall.com\/ca\/politica-de-privadesa\/\",\"name\":\"Pol\u00edtica de privadesa - Unicmall\",\"isPartOf\":{\"@id\":\"https:\/\/unicmall.com\/#website\"},\"datePublished\":\"2023-03-20T10:08:26+00:00\",\"dateModified\":\"2023-06-28T10:41:48+00:00\",\"description\":\"L'usuari podr\u00e0 posar-se en contacte amb el nostre departament d'administraci\u00f3 a l'adre\u00e7a indicada per a qualsevol dubte o necessitat\",\"breadcrumb\":{\"@id\":\"https:\/\/unicmall.com\/ca\/politica-de-privadesa\/#breadcrumb\"},\"inLanguage\":\"ca\",\"potentialAction\":[{\"@type\":\"ReadAction\",\"target\":[\"https:\/\/unicmall.com\/ca\/politica-de-privadesa\/\"]}]},{\"@type\":\"BreadcrumbList\",\"@id\":\"https:\/\/unicmall.com\/ca\/politica-de-privadesa\/#breadcrumb\",\"itemListElement\":[{\"@type\":\"ListItem\",\"position\":1,\"name\":\"Portada\",\"item\":\"https:\/\/unicmall.com\/ca\/\"},{\"@type\":\"ListItem\",\"position\":2,\"name\":\"Pol\u00edtica de privadesa\"}]},{\"@type\":\"WebSite\",\"@id\":\"https:\/\/unicmall.com\/#website\",\"url\":\"https:\/\/unicmall.com\/\",\"name\":\"Unicmall\",\"description\":\"Pintura de cal Mallorca\",\"publisher\":{\"@id\":\"https:\/\/unicmall.com\/#organization\"},\"potentialAction\":[{\"@type\":\"SearchAction\",\"target\":{\"@type\":\"EntryPoint\",\"urlTemplate\":\"https:\/\/unicmall.com\/?s={search_term_string}\"},\"query-input\":{\"@type\":\"PropertyValueSpecification\",\"valueRequired\":true,\"valueName\":\"search_term_string\"}}],\"inLanguage\":\"ca\"},{\"@type\":\"Organization\",\"@id\":\"https:\/\/unicmall.com\/#organization\",\"name\":\"Unicmall\",\"url\":\"https:\/\/unicmall.com\/\",\"logo\":{\"@type\":\"ImageObject\",\"inLanguage\":\"ca\",\"@id\":\"https:\/\/unicmall.com\/#\/schema\/logo\/image\/\",\"url\":\"https:\/\/beta.unicmall.com\/wp-content\/uploads\/2023\/02\/logo-unicmall.svg\",\"contentUrl\":\"https:\/\/beta.unicmall.com\/wp-content\/uploads\/2023\/02\/logo-unicmall.svg\",\"width\":400,\"height\":77,\"caption\":\"Unicmall\"},\"image\":{\"@id\":\"https:\/\/unicmall.com\/#\/schema\/logo\/image\/\"},\"sameAs\":[\"https:\/\/www.instagram.com\/unicmall\/\"]}]}<\/script>\n<!-- \/ Yoast SEO plugin. -->","yoast_head_json":{"title":"Pol\u00edtica de privadesa - Unicmall","description":"L'usuari podr\u00e0 posar-se en contacte amb el nostre departament d'administraci\u00f3 a l'adre\u00e7a indicada per a qualsevol dubte o necessitat","robots":{"index":"index","follow":"follow","max-snippet":"max-snippet:-1","max-image-preview":"max-image-preview:large","max-video-preview":"max-video-preview:-1"},"canonical":"https:\/\/unicmall.com\/ca\/politica-de-privadesa\/","og_locale":"ca_ES","og_type":"article","og_title":"Pol\u00edtica de privadesa - Unicmall","og_description":"L'usuari podr\u00e0 posar-se en contacte amb el nostre departament d'administraci\u00f3 a l'adre\u00e7a indicada per a qualsevol dubte o necessitat","og_url":"https:\/\/unicmall.com\/ca\/politica-de-privadesa\/","og_site_name":"Unicmall","article_modified_time":"2023-06-28T10:41:48+00:00","twitter_card":"summary_large_image","twitter_misc":{"Temps estimat de lectura":"3 minuts"},"schema":{"@context":"https:\/\/schema.org","@graph":[{"@type":"WebPage","@id":"https:\/\/unicmall.com\/ca\/politica-de-privadesa\/","url":"https:\/\/unicmall.com\/ca\/politica-de-privadesa\/","name":"Pol\u00edtica de privadesa - Unicmall","isPartOf":{"@id":"https:\/\/unicmall.com\/#website"},"datePublished":"2023-03-20T10:08:26+00:00","dateModified":"2023-06-28T10:41:48+00:00","description":"L'usuari podr\u00e0 posar-se en contacte amb el nostre departament d'administraci\u00f3 a l'adre\u00e7a indicada per a qualsevol dubte o necessitat","breadcrumb":{"@id":"https:\/\/unicmall.com\/ca\/politica-de-privadesa\/#breadcrumb"},"inLanguage":"ca","potentialAction":[{"@type":"ReadAction","target":["https:\/\/unicmall.com\/ca\/politica-de-privadesa\/"]}]},{"@type":"BreadcrumbList","@id":"https:\/\/unicmall.com\/ca\/politica-de-privadesa\/#breadcrumb","itemListElement":[{"@type":"ListItem","position":1,"name":"Portada","item":"https:\/\/unicmall.com\/ca\/"},{"@type":"ListItem","position":2,"name":"Pol\u00edtica de privadesa"}]},{"@type":"WebSite","@id":"https:\/\/unicmall.com\/#website","url":"https:\/\/unicmall.com\/","name":"Unicmall","description":"Pintura de cal Mallorca","publisher":{"@id":"https:\/\/unicmall.com\/#organization"},"potentialAction":[{"@type":"SearchAction","target":{"@type":"EntryPoint","urlTemplate":"https:\/\/unicmall.com\/?s={search_term_string}"},"query-input":{"@type":"PropertyValueSpecification","valueRequired":true,"valueName":"search_term_string"}}],"inLanguage":"ca"},{"@type":"Organization","@id":"https:\/\/unicmall.com\/#organization","name":"Unicmall","url":"https:\/\/unicmall.com\/","logo":{"@type":"ImageObject","inLanguage":"ca","@id":"https:\/\/unicmall.com\/#\/schema\/logo\/image\/","url":"https:\/\/beta.unicmall.com\/wp-content\/uploads\/2023\/02\/logo-unicmall.svg","contentUrl":"https:\/\/beta.unicmall.com\/wp-content\/uploads\/2023\/02\/logo-unicmall.svg","width":400,"height":77,"caption":"Unicmall"},"image":{"@id":"https:\/\/unicmall.com\/#\/schema\/logo\/image\/"},"sameAs":["https:\/\/www.instagram.com\/unicmall\/"]}]}},"_links":{"self":[{"href":"https:\/\/unicmall.com\/ca\/wp-json\/wp\/v2\/pages\/10998","targetHints":{"allow":["GET"]}}],"collection":[{"href":"https:\/\/unicmall.com\/ca\/wp-json\/wp\/v2\/pages"}],"about":[{"href":"https:\/\/unicmall.com\/ca\/wp-json\/wp\/v2\/types\/page"}],"author":[{"embeddable":true,"href":"https:\/\/unicmall.com\/ca\/wp-json\/wp\/v2\/users\/1"}],"replies":[{"embeddable":true,"href":"https:\/\/unicmall.com\/ca\/wp-json\/wp\/v2\/comments?post=10998"}],"version-history":[{"count":2,"href":"https:\/\/unicmall.com\/ca\/wp-json\/wp\/v2\/pages\/10998\/revisions"}],"predecessor-version":[{"id":11185,"href":"https:\/\/unicmall.com\/ca\/wp-json\/wp\/v2\/pages\/10998\/revisions\/11185"}],"wp:attachment":[{"href":"https:\/\/unicmall.com\/ca\/wp-json\/wp\/v2\/media?parent=10998"}],"curies":[{"name":"wp","href":"https:\/\/api.w.org\/{rel}","templated":true}]}}