{"id":10992,"date":"2023-03-20T10:05:34","date_gmt":"2023-03-20T10:05:34","guid":{"rendered":"https:\/\/beta.unicmall.com\/politica-de-cookies\/"},"modified":"2023-06-28T10:39:45","modified_gmt":"2023-06-28T10:39:45","slug":"politica-de-cookies","status":"publish","type":"page","link":"https:\/\/unicmall.com\/ca\/politica-de-cookies\/","title":{"rendered":"Pol\u00edtica de cookies"},"content":{"rendered":"<div class=\"wpb-content-wrapper\"><p>[vc_row][vc_column][vc_column_text woodmart_inline=&#8221;no&#8221; text_larger=&#8221;no&#8221;]<strong>Aquest web utilitza cookies. En cas d&#8217;utilitzar la nostra web sense desactivar les cookies, manifesta el seu consentiment per instal\u00b7lar-les.<\/strong><\/p>\n<h4>Qu\u00e8 \u00e9s una galeta?<\/h4>\n<p>Una galeta \u00e9s un fitxer que els webs transfereixen als dispositius (PC, tablet, m\u00f2bil, etc.) que s&#8217;hi connecten. Sovint els prop\u00f2sits de les galetes s\u00f3n nom\u00e9s t\u00e8cnics, encara que tamb\u00e9 permeten entre altres coses emmagatzemar i recuperar informaci\u00f3 sobre els h\u00e0bits de navegaci\u00f3 de l&#8217;usuari o el seu equip i, depenent de la informaci\u00f3 que continguin i de la manera com utilitzi el seu equip, utilitzar-se per recon\u00e8ixer l&#8217;usuari.<\/p>\n<p>Hi ha galetes controlades i gestionades pel titular d&#8217;aquesta web (cookies pr\u00f2pies) i altres que ho s\u00f3n per tercers (cookies de tercers).<\/p>\n<p>Algunes galetes es cancel\u00b7len un cop finalitzada la navegaci\u00f3 a la web (cookies de sessi\u00f3) mentre que altres poden seguir emmagatzemades a l&#8217;equip i ser accedides per un per\u00edode m\u00e9s llarg (cookies persistents).<\/p>\n<h4>Quin tipus de galetes s&#8217;utilitzen en aquesta web i quina \u00e9s la seva funci\u00f3?<\/h4>\n<p>En aquesta web utilitzem els seg\u00fcents tipus de cookies:<\/p>\n<ol>\n<li>Galetes t\u00e8cniques o indispensables a la prestaci\u00f3 dels serveis<\/li>\n<\/ol>\n<p>Utilitzem cookies t\u00e8cniques per prestar els serveis sol\u00b7licitats pels usuaris. Aquestes cookies s\u00f3n indispensables per a la navegaci\u00f3 i la utilitzaci\u00f3 de les opcions i serveis d&#8217;aquesta web, com ara controlar el tr\u00e0nsit i la comunicaci\u00f3 de dades, identificar la sessi\u00f3, accedir a parts d&#8217;acc\u00e9s restringit, utilitzar elements de seguretat durant la navegaci\u00f3, emmagatzemar continguts per a la difusi\u00f3 de v\u00eddeos o so o compartir continguts a trav\u00e9s de xarxes socials.<\/p>\n<ol start=\"2\">\n<li>Galetes d&#8217;an\u00e0lisi<\/li>\n<\/ol>\n<p>Les galetes d&#8217;an\u00e0lisi mesuren i analitzen l&#8217;activitat dels llocs web i elaboren perfils de navegaci\u00f3 dels usuaris. S&#8217;utilitzen aquestes cookies per recopilar estad\u00edstiques an\u00f2nimes i conjuntes que permeten comprendre la manera com els usuaris utilitzen la web, per tal de millorar i ajustar els serveis a les prefer\u00e8ncies dels visitants o usuaris.<\/p>\n<p>Les dades de navegaci\u00f3 que analitzem en aquesta web s\u00f3n:<\/p>\n<ul>\n<li>Nom de domini del prove\u00efdor (PSI) i\/o adre\u00e7a IP. Per exemple, un usuari del prove\u00efdor xxx nom\u00e9s estar\u00e0 identificat amb el domini xxx.es i\/o l&#8217;adre\u00e7a IP. D&#8217;aquesta manera es poden elaborar estad\u00edstiques sobre els pa\u00efsos i els servidors que visiten la web.<\/li>\n<li>Data i hora dacc\u00e9s a la web. Aix\u00f2 permet esbrinar les hores de m\u00e9s aflu\u00e8ncia, i fer els ajustaments necessaris per evitar problemes de saturaci\u00f3 del servidor en hores punta.<\/li>\n<li>L&#8217;adre\u00e7a d&#8217;internet des de la qual va sortir el link que dirigeix a la nostra web. D&#8217;aquesta manera es pot con\u00e8ixer l&#8217;efectivitat dels diferents banners o empla\u00e7aments publicitaris que dirigeixen aquesta web.<\/li>\n<li>El nombre de visitants. Aix\u00ed es coneixen les \u00e0rees dinter\u00e8s i millorar el contingut per als usuaris.<\/li>\n<\/ul>\n<h4>S\u00f3n an\u00f2nimes les galetes?<\/h4>\n<p>Les galetes no permeten per si soles identificar un usuari o persona concret. La informaci\u00f3 obtinguda nom\u00e9s podr\u00e0 ser associada a un usuari determinat si aquest est\u00e0 registrat o identificat a la web. Si \u00e9s aix\u00ed, aquestes dades seran incorporades a fitxers de dades de car\u00e0cter personal la responsabilitat dels quals \u00e9s del titular d&#8217;aquesta web i seran tractades per a les finalitats indicades, sempre complint amb la normativa vigent en mat\u00e8ria de protecci\u00f3 de dades de car\u00e0cter personal i especificades al <a href=\"https:\/\/beta.unicmall.com\/ca\/politica-de-privadesa\/\">corresponent apartat d&#8217;aquesta web.<\/a><\/p>\n<h4>Com puc gestionar les galetes?<\/h4>\n<p>Vost\u00e8 pot no permetre les cookies, esborrar-les o informar-se sobre la seva fixaci\u00f3 mitjan\u00e7ant la configuraci\u00f3 del vostre navegador. Per gestionar les galetes al vostre navegador, consulteu l&#8217;ajuda i la documentaci\u00f3 d&#8217;aquest.<\/p>\n<p>A continuaci\u00f3 us oferim la informaci\u00f3 proporcionada pels creadors dels principals navegadors quant a cookies:<\/p>\n<ul>\n<li>Chrome,\u00a0<a href=\"http:\/\/support.google.com\/chrome\/bin\/answer.py?hl=es&amp;answer=95647\" target=\"_blank\" rel=\"noopener\">http:\/\/support.google.com\/chrome\/bin\/answer.py?hl=es&amp;answer=95647<\/a><\/li>\n<li>Explorer,\u00a0<a href=\"http:\/\/windows.microsoft.com\/es-es\/windows7\/how-to-manage-cookies-in-internet-explorer-9\">http:\/\/windows.microsoft.com\/es-es\/windows7\/how-to-manage-cookies-in-internet-explorer-9<\/a><\/li>\n<li>Firefox,\u00a0<a href=\"http:\/\/support.mozilla.org\/es\/kb\/habilitar-y-deshabilitar-cookies-que-los-sitios-we\" target=\"_blank\" rel=\"noopener\">http:\/\/support.mozilla.org\/es\/kb\/habilitar-y-deshabilitar-cookies-que-los-sitios-we<\/a><\/li>\n<li>Safari,\u00a0<a href=\"http:\/\/support.apple.com\/kb\/ph5042\" target=\"_blank\" rel=\"noopener\">http:\/\/support.apple.com\/kb\/ph504<\/a><\/li>\n<\/ul>\n<p>Si desactiveu les galetes heu de saber que possiblement que no pugueu utilitzar i gaudir de les funcionalitats d&#8217;aquesta web.<\/p>\n<p>Per inhabilitar les galetes publicit\u00e0ries de tercers podeu visitar la p\u00e0gina de la Iniciativa publicit\u00e0ria de la xarxa (NAI, Network Advertising Initiative. P\u00e0gina en angl\u00e8s:\u00a0<a href=\"http:\/\/www.networkadvertising.org\/managing\/opt_out.asp\">http:\/\/www.networkadvertising.org\/managing\/opt_out.asp<\/a>).[\/vc_column_text][\/vc_column][\/vc_row]<\/p>\n<\/div>","protected":false},"excerpt":{"rendered":"<p>[vc_row][vc_column][vc_column_text woodmart_inline=&#8221;no&#8221; text_larger=&#8221;no&#8221;]Aquest web utilitza cookies. En cas d&#8217;utilitzar la nostra web sense desactivar les cookies, manifesta el seu consentiment<\/p>\n","protected":false},"author":1,"featured_media":0,"parent":0,"menu_order":0,"comment_status":"closed","ping_status":"closed","template":"","meta":{"footnotes":""},"class_list":["post-10992","page","type-page","status-publish","hentry"],"yoast_head":"<!-- This site is optimized with the Yoast SEO plugin v24.4 - https:\/\/yoast.com\/wordpress\/plugins\/seo\/ -->\n<title>Pol\u00edtica de cookies - Unicmall<\/title>\n<meta name=\"description\" content=\"Sovint els prop\u00f2sits de les galetes s\u00f3n nom\u00e9s t\u00e8cnics, encara que tamb\u00e9 permeten entre altres coses emmagatzemar\" \/>\n<meta name=\"robots\" content=\"index, follow, max-snippet:-1, max-image-preview:large, max-video-preview:-1\" \/>\n<link rel=\"canonical\" href=\"https:\/\/unicmall.com\/ca\/politica-de-cookies\/\" \/>\n<meta property=\"og:locale\" content=\"ca_ES\" \/>\n<meta property=\"og:type\" content=\"article\" \/>\n<meta property=\"og:title\" content=\"Pol\u00edtica de cookies - Unicmall\" \/>\n<meta property=\"og:description\" content=\"Sovint els prop\u00f2sits de les galetes s\u00f3n nom\u00e9s t\u00e8cnics, encara que tamb\u00e9 permeten entre altres coses emmagatzemar\" \/>\n<meta property=\"og:url\" content=\"https:\/\/unicmall.com\/ca\/politica-de-cookies\/\" \/>\n<meta property=\"og:site_name\" content=\"Unicmall\" \/>\n<meta property=\"article:modified_time\" content=\"2023-06-28T10:39:45+00:00\" \/>\n<meta name=\"twitter:card\" content=\"summary_large_image\" \/>\n<meta name=\"twitter:label1\" content=\"Temps estimat de lectura\" \/>\n\t<meta name=\"twitter:data1\" content=\"3 minuts\" \/>\n<script type=\"application\/ld+json\" class=\"yoast-schema-graph\">{\"@context\":\"https:\/\/schema.org\",\"@graph\":[{\"@type\":\"WebPage\",\"@id\":\"https:\/\/unicmall.com\/ca\/politica-de-cookies\/\",\"url\":\"https:\/\/unicmall.com\/ca\/politica-de-cookies\/\",\"name\":\"Pol\u00edtica de cookies - Unicmall\",\"isPartOf\":{\"@id\":\"https:\/\/unicmall.com\/#website\"},\"datePublished\":\"2023-03-20T10:05:34+00:00\",\"dateModified\":\"2023-06-28T10:39:45+00:00\",\"description\":\"Sovint els prop\u00f2sits de les galetes s\u00f3n nom\u00e9s t\u00e8cnics, encara que tamb\u00e9 permeten entre altres coses emmagatzemar\",\"breadcrumb\":{\"@id\":\"https:\/\/unicmall.com\/ca\/politica-de-cookies\/#breadcrumb\"},\"inLanguage\":\"ca\",\"potentialAction\":[{\"@type\":\"ReadAction\",\"target\":[\"https:\/\/unicmall.com\/ca\/politica-de-cookies\/\"]}]},{\"@type\":\"BreadcrumbList\",\"@id\":\"https:\/\/unicmall.com\/ca\/politica-de-cookies\/#breadcrumb\",\"itemListElement\":[{\"@type\":\"ListItem\",\"position\":1,\"name\":\"Portada\",\"item\":\"https:\/\/unicmall.com\/ca\/\"},{\"@type\":\"ListItem\",\"position\":2,\"name\":\"Pol\u00edtica de cookies\"}]},{\"@type\":\"WebSite\",\"@id\":\"https:\/\/unicmall.com\/#website\",\"url\":\"https:\/\/unicmall.com\/\",\"name\":\"Unicmall\",\"description\":\"Pintura de cal Mallorca\",\"publisher\":{\"@id\":\"https:\/\/unicmall.com\/#organization\"},\"potentialAction\":[{\"@type\":\"SearchAction\",\"target\":{\"@type\":\"EntryPoint\",\"urlTemplate\":\"https:\/\/unicmall.com\/?s={search_term_string}\"},\"query-input\":{\"@type\":\"PropertyValueSpecification\",\"valueRequired\":true,\"valueName\":\"search_term_string\"}}],\"inLanguage\":\"ca\"},{\"@type\":\"Organization\",\"@id\":\"https:\/\/unicmall.com\/#organization\",\"name\":\"Unicmall\",\"url\":\"https:\/\/unicmall.com\/\",\"logo\":{\"@type\":\"ImageObject\",\"inLanguage\":\"ca\",\"@id\":\"https:\/\/unicmall.com\/#\/schema\/logo\/image\/\",\"url\":\"https:\/\/beta.unicmall.com\/wp-content\/uploads\/2023\/02\/logo-unicmall.svg\",\"contentUrl\":\"https:\/\/beta.unicmall.com\/wp-content\/uploads\/2023\/02\/logo-unicmall.svg\",\"width\":400,\"height\":77,\"caption\":\"Unicmall\"},\"image\":{\"@id\":\"https:\/\/unicmall.com\/#\/schema\/logo\/image\/\"},\"sameAs\":[\"https:\/\/www.instagram.com\/unicmall\/\"]}]}<\/script>\n<!-- \/ Yoast SEO plugin. -->","yoast_head_json":{"title":"Pol\u00edtica de cookies - Unicmall","description":"Sovint els prop\u00f2sits de les galetes s\u00f3n nom\u00e9s t\u00e8cnics, encara que tamb\u00e9 permeten entre altres coses emmagatzemar","robots":{"index":"index","follow":"follow","max-snippet":"max-snippet:-1","max-image-preview":"max-image-preview:large","max-video-preview":"max-video-preview:-1"},"canonical":"https:\/\/unicmall.com\/ca\/politica-de-cookies\/","og_locale":"ca_ES","og_type":"article","og_title":"Pol\u00edtica de cookies - Unicmall","og_description":"Sovint els prop\u00f2sits de les galetes s\u00f3n nom\u00e9s t\u00e8cnics, encara que tamb\u00e9 permeten entre altres coses emmagatzemar","og_url":"https:\/\/unicmall.com\/ca\/politica-de-cookies\/","og_site_name":"Unicmall","article_modified_time":"2023-06-28T10:39:45+00:00","twitter_card":"summary_large_image","twitter_misc":{"Temps estimat de lectura":"3 minuts"},"schema":{"@context":"https:\/\/schema.org","@graph":[{"@type":"WebPage","@id":"https:\/\/unicmall.com\/ca\/politica-de-cookies\/","url":"https:\/\/unicmall.com\/ca\/politica-de-cookies\/","name":"Pol\u00edtica de cookies - Unicmall","isPartOf":{"@id":"https:\/\/unicmall.com\/#website"},"datePublished":"2023-03-20T10:05:34+00:00","dateModified":"2023-06-28T10:39:45+00:00","description":"Sovint els prop\u00f2sits de les galetes s\u00f3n nom\u00e9s t\u00e8cnics, encara que tamb\u00e9 permeten entre altres coses emmagatzemar","breadcrumb":{"@id":"https:\/\/unicmall.com\/ca\/politica-de-cookies\/#breadcrumb"},"inLanguage":"ca","potentialAction":[{"@type":"ReadAction","target":["https:\/\/unicmall.com\/ca\/politica-de-cookies\/"]}]},{"@type":"BreadcrumbList","@id":"https:\/\/unicmall.com\/ca\/politica-de-cookies\/#breadcrumb","itemListElement":[{"@type":"ListItem","position":1,"name":"Portada","item":"https:\/\/unicmall.com\/ca\/"},{"@type":"ListItem","position":2,"name":"Pol\u00edtica de cookies"}]},{"@type":"WebSite","@id":"https:\/\/unicmall.com\/#website","url":"https:\/\/unicmall.com\/","name":"Unicmall","description":"Pintura de cal Mallorca","publisher":{"@id":"https:\/\/unicmall.com\/#organization"},"potentialAction":[{"@type":"SearchAction","target":{"@type":"EntryPoint","urlTemplate":"https:\/\/unicmall.com\/?s={search_term_string}"},"query-input":{"@type":"PropertyValueSpecification","valueRequired":true,"valueName":"search_term_string"}}],"inLanguage":"ca"},{"@type":"Organization","@id":"https:\/\/unicmall.com\/#organization","name":"Unicmall","url":"https:\/\/unicmall.com\/","logo":{"@type":"ImageObject","inLanguage":"ca","@id":"https:\/\/unicmall.com\/#\/schema\/logo\/image\/","url":"https:\/\/beta.unicmall.com\/wp-content\/uploads\/2023\/02\/logo-unicmall.svg","contentUrl":"https:\/\/beta.unicmall.com\/wp-content\/uploads\/2023\/02\/logo-unicmall.svg","width":400,"height":77,"caption":"Unicmall"},"image":{"@id":"https:\/\/unicmall.com\/#\/schema\/logo\/image\/"},"sameAs":["https:\/\/www.instagram.com\/unicmall\/"]}]}},"_links":{"self":[{"href":"https:\/\/unicmall.com\/ca\/wp-json\/wp\/v2\/pages\/10992","targetHints":{"allow":["GET"]}}],"collection":[{"href":"https:\/\/unicmall.com\/ca\/wp-json\/wp\/v2\/pages"}],"about":[{"href":"https:\/\/unicmall.com\/ca\/wp-json\/wp\/v2\/types\/page"}],"author":[{"embeddable":true,"href":"https:\/\/unicmall.com\/ca\/wp-json\/wp\/v2\/users\/1"}],"replies":[{"embeddable":true,"href":"https:\/\/unicmall.com\/ca\/wp-json\/wp\/v2\/comments?post=10992"}],"version-history":[{"count":3,"href":"https:\/\/unicmall.com\/ca\/wp-json\/wp\/v2\/pages\/10992\/revisions"}],"predecessor-version":[{"id":11182,"href":"https:\/\/unicmall.com\/ca\/wp-json\/wp\/v2\/pages\/10992\/revisions\/11182"}],"wp:attachment":[{"href":"https:\/\/unicmall.com\/ca\/wp-json\/wp\/v2\/media?parent=10992"}],"curies":[{"name":"wp","href":"https:\/\/api.w.org\/{rel}","templated":true}]}}